{"id":595,"date":"2023-06-27T09:54:35","date_gmt":"2023-06-27T02:54:35","guid":{"rendered":"https:\/\/thtlogs.com\/dich-vu\/customs-brokerage\/"},"modified":"2023-06-29T16:14:04","modified_gmt":"2023-06-29T09:14:04","slug":"customs-brokerage","status":"publish","type":"page","link":"https:\/\/thtlogs.com\/vi\/dich-vu\/customs-brokerage\/","title":{"rendered":"\u0110\u1ea1i l\u00fd Khai b\u00e1o H\u1ea3i quan"},"content":{"rendered":"  <div id=\"page-header-604446839\" class=\"page-header-wrapper\">\n  <div class=\"page-title dark featured-title\">\n\n        <div class=\"page-title-bg\">\n      <div class=\"title-bg fill bg-fill\"\n        data-parallax-container=\".page-title\"\n        data-parallax-background\n        data-parallax=\"-\">\n      <\/div>\n      <div class=\"title-overlay fill\"><\/div>\n    <\/div>\n    \n    <div class=\"page-title-inner container align-center flex-row medium-flex-wrap\" >\n              <div class=\"title-wrapper uppercase is-larger flex-col text-left medium-text-center\">\n          <h1 class=\"entry-title mb-0\">\n            \u0110\u1ea1i l\u00fd Khai b\u00e1o H\u1ea3i quan          <\/h1>\n        <\/div>\n                    <div class=\"title-content flex-col flex-right text-right medium-text-center\">\n        <div class=\"title-breadcrumbs pb-half pt-half\"><\/div>      <\/div>\n    <\/div>\n\n     \n<style>\n#page-header-604446839 .page-title-inner {\n  min-height: 140px;\n}\n#page-header-604446839 .title-bg {\n  background-image: url(https:\/\/thtlogs.com\/wp-content\/uploads\/2023\/06\/Group-2609674.jpg);\n}\n#page-header-604446839 .title-overlay {\n  background-color: rgba(255, 255, 255, 0);\n}\n<\/style>\n  <\/div>\n    <\/div>\n  \n\t<section class=\"section\" id=\"section_354214141\">\n\t\t<div class=\"bg section-bg fill bg-fill  bg-loaded\" >\n\n\t\t\t\n\t\t\t\n\t\t\t\n\n\t\t<\/div>\n\n\t\t\n\n\t\t<div class=\"section-content relative\">\n\t\t\t\n\t<div id=\"gap-728594936\" class=\"gap-element clearfix\" style=\"display:block; height:auto;\">\n\t\t\n<style>\n#gap-728594936 {\n  padding-top: 30px;\n}\n<\/style>\n\t<\/div>\n\t\n<div class=\"row\"  id=\"row-176658389\">\n\n\t<div id=\"col-2017868913\" class=\"col small-12 large-12\"  >\n\t\t\t\t<div class=\"col-inner\"  >\n\t\t\t\n\t\t\t\n\t<div id=\"text-2490002735\" class=\"text\">\n\t\t\n<h2>\u0110\u1ea1i l\u00fd Khai b\u00e1o H\u1ea3i quan<\/h2>\n\t\t\n<style>\n#text-2490002735 {\n  font-size: 1.3rem;\n  text-align: center;\n}\n@media (min-width:850px) {\n  #text-2490002735 {\n    font-size: 1.40625rem;\n  }\n}\n<\/style>\n\t<\/div>\n\t\n\t\t<\/div>\n\t\t\t\t\t<\/div>\n\n\t\n<\/div>\n<div class=\"row\"  id=\"row-1073218273\">\n\n\t<div id=\"col-1635724945\" class=\"col medium-5 small-12 large-5\"  >\n\t\t\t\t<div class=\"col-inner\"  >\n\t\t\t\n\t\t\t\n<p style=\"text-align: justify;\">THT Logistics Co., Ltd. l\u00e0 \u0110\u1ea1i l\u00fd l\u00e0m th\u1ee7 t\u1ee5c Khai b\u00e1o H\u1ea3i quan \u0111\u01b0\u1ee3c c\u1ea5p gi\u1ea5y ph\u00e9p ho\u1ea1t \u0111\u1ed9ng c\u1ee7a T\u1ed5ng c\u1ee5c H\u1ea3i quan c\u0103n c\u1ee9 Lu\u1eadt H\u1ea3i quan 2014.<\/p>\n<ul>\n<li style=\"text-align: justify;\">L\u00e0 doanh nghi\u1ec7p \u0111\u00e1p \u1ee9ng \u0111\u1ee7 \u0111i\u1ec1u ki\u1ec7n, trong ph\u1ea1m vi \u0111\u01b0\u1ee3c \u1ee7y quy\u1ec1n theo th\u1ecfa thu\u1eadn trong h\u1ee3p \u0111\u1ed3ng k\u00fd v\u1edbi ng\u01b0\u1eddi c\u00f3 h\u00e0ng h\u00f3a xu\u1ea5t kh\u1ea9u, nh\u1eadp kh\u1ea9u (sau \u0111\u00e2y g\u1ecdi l\u00e0 ch\u1ee7 h\u00e0ng) thay m\u1eb7t ch\u1ee7 h\u00e0ng th\u1ef1c hi\u1ec7n to\u00e0n b\u1ed9 ho\u1eb7c m\u1ed9t ph\u1ea7n ngh\u0129a v\u1ee5 c\u1ee7a ng\u01b0\u1eddi khai h\u1ea3i quan.<\/li>\n<li style=\"text-align: justify;\">\u0110\u1ea1i l\u00fd l\u00e0m th\u1ee7 t\u1ee5c h\u1ea3i quan ph\u1ea3i k\u00fd h\u1ee3p \u0111\u1ed3ng \u0111\u1ea1i l\u00fd v\u1edbi ch\u1ee7 h\u00e0ng. Ng\u01b0\u1eddi \u0111\u01b0\u1ee3c c\u1ea5p m\u00e3 s\u1ed1 nh\u00e2n vi\u00ean \u0111\u1ea1i l\u00fd l\u00e0m th\u1ee7 t\u1ee5c h\u1ea3i quan th\u1ef1c hi\u1ec7n vi\u1ec7c khai v\u00e0 l\u00e0m th\u1ee7 t\u1ee5c h\u1ea3i quan tr\u00ean c\u01a1 s\u1edf h\u1ee3p \u0111\u1ed3ng \u0111\u1ea1i l\u00fd \u0111\u00e3 k\u00fd v\u1edbi ch\u1ee7 h\u00e0ng.<\/li>\n<\/ul>\n\t\t<\/div>\n\t\t\t\t\t<\/div>\n\n\t\n\n\t<div id=\"col-330646913\" class=\"col medium-7 small-12 large-7\"  >\n\t\t\t\t<div class=\"col-inner\"  >\n\t\t\t\n\t\t\t\n\t<div class=\"img has-hover x md-x lg-x y md-y lg-y\" id=\"image_212968167\">\n\t\t\t\t\t\t\t\t<div class=\"img-inner dark\" >\n\t\t\t<img width=\"629\" height=\"393\" src=\"https:\/\/thtlogs.com\/wp-content\/uploads\/2023\/06\/Customs-Brokerage-2.png\" class=\"attachment-medium_large size-medium_large\" alt=\"\" decoding=\"async\" loading=\"lazy\" srcset=\"https:\/\/thtlogs.com\/wp-content\/uploads\/2023\/06\/Customs-Brokerage-2.png 629w, https:\/\/thtlogs.com\/wp-content\/uploads\/2023\/06\/Customs-Brokerage-2-300x187.png 300w\" sizes=\"(max-width: 629px) 100vw, 629px\" \/>\t\t\t\t\t\t\n\t\t\t\t\t<\/div>\n\t\t\t\t\t\t\t\t\n<style>\n#image_212968167 {\n  width: 100%;\n}\n<\/style>\n\t<\/div>\n\t\n\t\t<\/div>\n\t\t\t\t\t<\/div>\n\n\t\n<\/div>\n<div class=\"row\"  id=\"row-1898646667\">\n\n\t<div id=\"col-1488255426\" class=\"col small-12 large-12\"  >\n\t\t\t\t<div class=\"col-inner\"  >\n\t\t\t\n\t\t\t\n\t<div id=\"gap-379086651\" class=\"gap-element clearfix\" style=\"display:block; height:auto;\">\n\t\t\n<style>\n#gap-379086651 {\n  padding-top: 30px;\n}\n<\/style>\n\t<\/div>\n\t\n\t\t<\/div>\n\t\t\t\t\t<\/div>\n\n\t\n<\/div>\n\t\t<\/div>\n\n\t\t\n<style>\n#section_354214141 {\n  padding-top: 30px;\n  padding-bottom: 30px;\n}\n@media (min-width:850px) {\n  #section_354214141 {\n    padding-top: 40px;\n    padding-bottom: 40px;\n  }\n}\n<\/style>\n\t<\/section>\n\t\n\t<section class=\"section dark has-parallax\" id=\"section_397326481\">\n\t\t<div class=\"bg section-bg fill bg-fill  \" data-parallax-container=\".section\" data-parallax-background data-parallax=\"-5\">\n\n\t\t\t\n\t\t\t\n\t\t\t\n\n\t\t<\/div>\n\n\t\t\n\n\t\t<div class=\"section-content relative\">\n\t\t\t\n\n\t<div id=\"gap-1888531789\" class=\"gap-element clearfix\" style=\"display:block; height:auto;\">\n\t\t\n<style>\n#gap-1888531789 {\n  padding-top: 30px;\n}\n<\/style>\n\t<\/div>\n\t\n\n<div class=\"row align-center\"  id=\"row-1065224497\">\n\n\n\t<div id=\"col-426249181\" class=\"col medium-8 small-12 large-8\"  >\n\t\t\t\t<div class=\"col-inner\"  >\n\t\t\t\n\t\t\t\n\n\t<div id=\"text-2041440898\" class=\"text\">\n\t\t\n\n<h2 class=\"mb-0\">NH\u1eacN B\u00c1O GI\u00c1<\/h2>\n\t\t\n<style>\n#text-2041440898 {\n  font-size: 1.40625rem;\n  text-align: center;\n}\n<\/style>\n\t<\/div>\n\t\n\t<div id=\"gap-1374363805\" class=\"gap-element clearfix\" style=\"display:block; height:auto;\">\n\t\t\n<style>\n#gap-1374363805 {\n  padding-top: 5px;\n}\n<\/style>\n\t<\/div>\n\t\n\n\t<div id=\"text-1409594248\" class=\"text\">\n\t\t\n\n<p>Qu\u00fd kh\u00e1ch vui l\u00f2ng \u0111i\u1ec1n v\u00e0o bi\u1ec3u m\u1eabu d\u01b0\u1edbi \u0111\u00e2y \u0111\u1ec3 \u0111\u01b0\u1ee3c nh\u1eadn b\u00e1o gi\u00e1<\/p>\n\t\t\n<style>\n#text-1409594248 {\n  text-align: center;\n}\n<\/style>\n\t<\/div>\n\t\n\t<div id=\"gap-1481035239\" class=\"gap-element clearfix\" style=\"display:block; height:auto;\">\n\t\t\n<style>\n#gap-1481035239 {\n  padding-top: 10px;\n}\n<\/style>\n\t<\/div>\n\t\n\n\n<div class=\"wpcf7 no-js\" id=\"wpcf7-f551-o1\" lang=\"vi\" dir=\"ltr\">\n<div class=\"screen-reader-response\"><p role=\"status\" aria-live=\"polite\" aria-atomic=\"true\"><\/p> <ul><\/ul><\/div>\n<form action=\"\/vi\/wp-json\/wp\/v2\/pages\/595#wpcf7-f551-o1\" method=\"post\" class=\"wpcf7-form init\" aria-label=\"Form li\u00ean h\u1ec7\" novalidate=\"novalidate\" data-status=\"init\">\n<div style=\"display: none;\">\n<input type=\"hidden\" name=\"_wpcf7\" value=\"551\" \/>\n<input type=\"hidden\" name=\"_wpcf7_version\" value=\"5.7.7\" \/>\n<input type=\"hidden\" name=\"_wpcf7_locale\" value=\"vi\" \/>\n<input type=\"hidden\" name=\"_wpcf7_unit_tag\" value=\"wpcf7-f551-o1\" \/>\n<input type=\"hidden\" name=\"_wpcf7_container_post\" value=\"0\" \/>\n<input type=\"hidden\" name=\"_wpcf7_posted_data_hash\" value=\"\" \/>\n<\/div>\n<div class=\"row row-small\">\n\t<div class=\"col large-6 pb-0\">\n\t\t<p><span class=\"wpcf7-form-control-wrap\" data-name=\"your-name\"><input size=\"40\" class=\"wpcf7-form-control wpcf7-text wpcf7-validates-as-required form-control\" aria-required=\"true\" aria-invalid=\"false\" placeholder=\"H\u1ecd t\u00ean\" value=\"\" type=\"text\" name=\"your-name\" \/><\/span>\n\t\t<\/p>\n\t<\/div>\n\t<div class=\"col large-6 pb-0\">\n\t\t<p><span class=\"wpcf7-form-control-wrap\" data-name=\"your-tel\"><input size=\"40\" class=\"wpcf7-form-control wpcf7-text wpcf7-tel wpcf7-validates-as-required wpcf7-validates-as-tel form-control\" aria-required=\"true\" aria-invalid=\"false\" placeholder=\"S\u1ed1 \u0111i\u1ec7n tho\u1ea1i\" value=\"\" type=\"tel\" name=\"your-tel\" \/><\/span>\n\t\t<\/p>\n\t<\/div>\n<\/div>\n<div class=\"row row-small\">\n\t<div class=\"col large-6 pb-0\">\n\t\t<p><span class=\"wpcf7-form-control-wrap\" data-name=\"your-email\"><input size=\"40\" class=\"wpcf7-form-control wpcf7-text wpcf7-email wpcf7-validates-as-email form-control\" aria-invalid=\"false\" placeholder=\"Email\" value=\"\" type=\"email\" name=\"your-email\" \/><\/span>\n\t\t<\/p>\n\t<\/div>\n\t<div class=\"col large-6 pb-0\">\n\t\t<p><span class=\"wpcf7-form-control-wrap\" data-name=\"your-service\"><input size=\"40\" class=\"wpcf7-form-control wpcf7-text form-control\" aria-invalid=\"false\" placeholder=\"D\u1ecbch v\u1ee5\" value=\"\" type=\"text\" name=\"your-service\" \/><\/span>\n\t\t<\/p>\n\t<\/div>\n<\/div>\n<div class=\"form-group text-center\">\n\t<p><input class=\"wpcf7-form-control has-spinner wpcf7-submit button secondary button-main mb-0 mr-0\" type=\"submit\" value=\"G\u1eedi\" \/>\n\t<\/p>\n<\/div><div class=\"wpcf7-response-output\" aria-hidden=\"true\"><\/div>\n<\/form>\n<\/div>\n\n\n\n\t\t<\/div>\n\t\t\t\t\t<\/div>\n\n\t\n\n<\/div>\n\n\t\t<\/div>\n\n\t\t\n<style>\n#section_397326481 {\n  padding-top: 70px;\n  padding-bottom: 70px;\n}\n#section_397326481 .section-bg.bg-loaded {\n  background-image: url(https:\/\/thtlogs.com\/wp-content\/uploads\/2023\/06\/Group-2609673.jpg);\n}\n<\/style>\n\t<\/section>\n\t\n","protected":false},"excerpt":{"rendered":"","protected":false},"author":1,"featured_media":0,"parent":521,"menu_order":0,"comment_status":"closed","ping_status":"closed","template":"page-blank.php","meta":[],"yoast_head":"<!-- This site is optimized with the Yoast SEO plugin v20.9 - https:\/\/yoast.com\/wordpress\/plugins\/seo\/ -->\n<title>\u0110\u1ea1i l\u00fd Khai b\u00e1o H\u1ea3i quan - THT LOGISTICS<\/title>\n<meta name=\"robots\" content=\"index, follow, max-snippet:-1, max-image-preview:large, max-video-preview:-1\" \/>\n<link rel=\"canonical\" href=\"https:\/\/thtlogs.com\/vi\/dich-vu\/customs-brokerage\/\" \/>\n<meta property=\"og:locale\" content=\"vi_VN\" \/>\n<meta property=\"og:type\" content=\"article\" \/>\n<meta property=\"og:title\" content=\"\u0110\u1ea1i l\u00fd Khai b\u00e1o H\u1ea3i quan - THT LOGISTICS\" \/>\n<meta property=\"og:url\" content=\"https:\/\/thtlogs.com\/vi\/dich-vu\/customs-brokerage\/\" \/>\n<meta property=\"og:site_name\" content=\"THT LOGISTICS\" \/>\n<meta property=\"article:modified_time\" content=\"2023-06-29T09:14:04+00:00\" \/>\n<meta name=\"twitter:card\" content=\"summary_large_image\" \/>\n<meta name=\"twitter:label1\" content=\"\u01af\u1edbc t\u00ednh th\u1eddi gian \u0111\u1ecdc\" \/>\n\t<meta name=\"twitter:data1\" content=\"2 ph\u00fat\" \/>\n<script type=\"application\/ld+json\" class=\"yoast-schema-graph\">{\"@context\":\"https:\/\/schema.org\",\"@graph\":[{\"@type\":\"WebPage\",\"@id\":\"https:\/\/thtlogs.com\/vi\/dich-vu\/customs-brokerage\/\",\"url\":\"https:\/\/thtlogs.com\/vi\/dich-vu\/customs-brokerage\/\",\"name\":\"\u0110\u1ea1i l\u00fd Khai b\u00e1o H\u1ea3i quan - THT LOGISTICS\",\"isPartOf\":{\"@id\":\"https:\/\/thtlogs.com\/vi\/#website\"},\"datePublished\":\"2023-06-27T02:54:35+00:00\",\"dateModified\":\"2023-06-29T09:14:04+00:00\",\"breadcrumb\":{\"@id\":\"https:\/\/thtlogs.com\/vi\/dich-vu\/customs-brokerage\/#breadcrumb\"},\"inLanguage\":\"vi\",\"potentialAction\":[{\"@type\":\"ReadAction\",\"target\":[\"https:\/\/thtlogs.com\/vi\/dich-vu\/customs-brokerage\/\"]}]},{\"@type\":\"BreadcrumbList\",\"@id\":\"https:\/\/thtlogs.com\/vi\/dich-vu\/customs-brokerage\/#breadcrumb\",\"itemListElement\":[{\"@type\":\"ListItem\",\"position\":1,\"name\":\"Trang ch\u1ee7\",\"item\":\"https:\/\/thtlogs.com\/vi\/\"},{\"@type\":\"ListItem\",\"position\":2,\"name\":\"D\u1ecaCH V\u1ee4\",\"item\":\"https:\/\/thtlogs.com\/vi\/dich-vu\/\"},{\"@type\":\"ListItem\",\"position\":3,\"name\":\"\u0110\u1ea1i l\u00fd Khai b\u00e1o H\u1ea3i quan\"}]},{\"@type\":\"WebSite\",\"@id\":\"https:\/\/thtlogs.com\/vi\/#website\",\"url\":\"https:\/\/thtlogs.com\/vi\/\",\"name\":\"THT LOGISTICS\",\"description\":\"\",\"potentialAction\":[{\"@type\":\"SearchAction\",\"target\":{\"@type\":\"EntryPoint\",\"urlTemplate\":\"https:\/\/thtlogs.com\/vi\/?s={search_term_string}\"},\"query-input\":\"required name=search_term_string\"}],\"inLanguage\":\"vi\"}]}<\/script>\n<!-- \/ Yoast SEO plugin. -->","yoast_head_json":{"title":"\u0110\u1ea1i l\u00fd Khai b\u00e1o H\u1ea3i quan - THT LOGISTICS","robots":{"index":"index","follow":"follow","max-snippet":"max-snippet:-1","max-image-preview":"max-image-preview:large","max-video-preview":"max-video-preview:-1"},"canonical":"https:\/\/thtlogs.com\/vi\/dich-vu\/customs-brokerage\/","og_locale":"vi_VN","og_type":"article","og_title":"\u0110\u1ea1i l\u00fd Khai b\u00e1o H\u1ea3i quan - THT LOGISTICS","og_url":"https:\/\/thtlogs.com\/vi\/dich-vu\/customs-brokerage\/","og_site_name":"THT LOGISTICS","article_modified_time":"2023-06-29T09:14:04+00:00","twitter_card":"summary_large_image","twitter_misc":{"\u01af\u1edbc t\u00ednh th\u1eddi gian \u0111\u1ecdc":"2 ph\u00fat"},"schema":{"@context":"https:\/\/schema.org","@graph":[{"@type":"WebPage","@id":"https:\/\/thtlogs.com\/vi\/dich-vu\/customs-brokerage\/","url":"https:\/\/thtlogs.com\/vi\/dich-vu\/customs-brokerage\/","name":"\u0110\u1ea1i l\u00fd Khai b\u00e1o H\u1ea3i quan - THT LOGISTICS","isPartOf":{"@id":"https:\/\/thtlogs.com\/vi\/#website"},"datePublished":"2023-06-27T02:54:35+00:00","dateModified":"2023-06-29T09:14:04+00:00","breadcrumb":{"@id":"https:\/\/thtlogs.com\/vi\/dich-vu\/customs-brokerage\/#breadcrumb"},"inLanguage":"vi","potentialAction":[{"@type":"ReadAction","target":["https:\/\/thtlogs.com\/vi\/dich-vu\/customs-brokerage\/"]}]},{"@type":"BreadcrumbList","@id":"https:\/\/thtlogs.com\/vi\/dich-vu\/customs-brokerage\/#breadcrumb","itemListElement":[{"@type":"ListItem","position":1,"name":"Trang ch\u1ee7","item":"https:\/\/thtlogs.com\/vi\/"},{"@type":"ListItem","position":2,"name":"D\u1ecaCH V\u1ee4","item":"https:\/\/thtlogs.com\/vi\/dich-vu\/"},{"@type":"ListItem","position":3,"name":"\u0110\u1ea1i l\u00fd Khai b\u00e1o H\u1ea3i quan"}]},{"@type":"WebSite","@id":"https:\/\/thtlogs.com\/vi\/#website","url":"https:\/\/thtlogs.com\/vi\/","name":"THT LOGISTICS","description":"","potentialAction":[{"@type":"SearchAction","target":{"@type":"EntryPoint","urlTemplate":"https:\/\/thtlogs.com\/vi\/?s={search_term_string}"},"query-input":"required name=search_term_string"}],"inLanguage":"vi"}]}},"_links":{"self":[{"href":"https:\/\/thtlogs.com\/vi\/wp-json\/wp\/v2\/pages\/595"}],"collection":[{"href":"https:\/\/thtlogs.com\/vi\/wp-json\/wp\/v2\/pages"}],"about":[{"href":"https:\/\/thtlogs.com\/vi\/wp-json\/wp\/v2\/types\/page"}],"author":[{"embeddable":true,"href":"https:\/\/thtlogs.com\/vi\/wp-json\/wp\/v2\/users\/1"}],"replies":[{"embeddable":true,"href":"https:\/\/thtlogs.com\/vi\/wp-json\/wp\/v2\/comments?post=595"}],"version-history":[{"count":13,"href":"https:\/\/thtlogs.com\/vi\/wp-json\/wp\/v2\/pages\/595\/revisions"}],"predecessor-version":[{"id":658,"href":"https:\/\/thtlogs.com\/vi\/wp-json\/wp\/v2\/pages\/595\/revisions\/658"}],"up":[{"embeddable":true,"href":"https:\/\/thtlogs.com\/vi\/wp-json\/wp\/v2\/pages\/521"}],"wp:attachment":[{"href":"https:\/\/thtlogs.com\/vi\/wp-json\/wp\/v2\/media?parent=595"}],"curies":[{"name":"wp","href":"https:\/\/api.w.org\/{rel}","templated":true}]}}