{"id":521,"date":"2023-06-19T11:43:01","date_gmt":"2023-06-19T04:43:01","guid":{"rendered":"https:\/\/thtlogs.com\/services\/"},"modified":"2023-06-24T15:12:57","modified_gmt":"2023-06-24T08:12:57","slug":"dich-vu","status":"publish","type":"page","link":"https:\/\/thtlogs.com\/vi\/dich-vu\/","title":{"rendered":"D\u1ecaCH V\u1ee4"},"content":{"rendered":"  <div id=\"page-header-1695862419\" class=\"page-header-wrapper\">\n  <div class=\"page-title dark featured-title\">\n\n        <div class=\"page-title-bg\">\n      <div class=\"title-bg fill bg-fill\"\n        data-parallax-container=\".page-title\"\n        data-parallax-background\n        data-parallax=\"-\">\n      <\/div>\n      <div class=\"title-overlay fill\"><\/div>\n    <\/div>\n    \n    <div class=\"page-title-inner container align-center flex-row medium-flex-wrap\" >\n              <div class=\"title-wrapper uppercase is-larger flex-col text-left medium-text-center\">\n          <h1 class=\"entry-title mb-0\">\n            D\u1ecaCH V\u1ee4          <\/h1>\n        <\/div>\n                    <div class=\"title-content flex-col flex-right text-right medium-text-center\">\n        <div class=\"title-breadcrumbs pb-half pt-half\"><\/div>      <\/div>\n    <\/div>\n\n     \n<style>\n#page-header-1695862419 .page-title-inner {\n  min-height: 140px;\n}\n#page-header-1695862419 .title-bg {\n  background-image: url(https:\/\/thtlogs.com\/wp-content\/uploads\/2023\/06\/Group-2609674.jpg);\n}\n#page-header-1695862419 .title-overlay {\n  background-color: rgba(255, 255, 255, 0);\n}\n<\/style>\n  <\/div>\n    <\/div>\n  \n\t<section class=\"section section-services\" id=\"section_1780294719\">\n\t\t<div class=\"bg section-bg fill bg-fill  bg-loaded\" >\n\n\t\t\t\n\t\t\t\n\t\t\t\n\n\t\t<\/div>\n\n\t\t\n\n\t\t<div class=\"section-content relative\">\n\t\t\t\n\t<div id=\"gap-1586507779\" class=\"gap-element clearfix\" style=\"display:block; height:auto;\">\n\t\t\n<style>\n#gap-1586507779 {\n  padding-top: 30px;\n}\n<\/style>\n\t<\/div>\n\t\n<div class=\"row\"  id=\"row-228184740\">\n\n\t<div id=\"col-1630127847\" class=\"col pb-0 medium-12 small-12 large-4\"  >\n\t\t\t\t<div class=\"col-inner\"  >\n\t\t\t\n\t\t\t\n\t<div id=\"text-1487865544\" class=\"text\">\n\t\t\n<h4>THT LOGISTICS<\/h4>\n\t\t\n<style>\n#text-1487865544 {\n  color: rgb(136, 136, 136);\n}\n#text-1487865544 > * {\n  color: rgb(136, 136, 136);\n}\n<\/style>\n\t<\/div>\n\t\n\t<div id=\"text-314437465\" class=\"text\">\n\t\t\n<h2>D\u1ecaCH V\u1ee4 CUNG C\u1ea4P<\/h2>\n\t\t\n<style>\n#text-314437465 {\n  font-size: 1.40625rem;\n}\n<\/style>\n\t<\/div>\n\t\n\t<div id=\"gap-443412711\" class=\"gap-element clearfix\" style=\"display:block; height:auto;\">\n\t\t\n<style>\n#gap-443412711 {\n  padding-top: 0px;\n}\n@media (min-width:850px) {\n  #gap-443412711 {\n    padding-top: 30px;\n  }\n}\n<\/style>\n\t<\/div>\n\t\n\t\t<\/div>\n\t\t\t\t\t<\/div>\n\n\t\n\n\t<div id=\"col-23678262\" class=\"col medium-12 small-12 large-8\"  >\n\t\t\t\t<div class=\"col-inner\"  >\n\t\t\t\n\t\t\t\n\t<div id=\"text-2598174309\" class=\"text\">\n\t\t\n<p>Lorem ipsum dolor sit amet consectetur. Eget ut morbi erat turpis purus ipsum fringilla platea. Elementum venenatis quis aliquet fringilla id tellus euismod. Nulla ligula nunc urna vitae fringilla. Dictumst tincidunt viverra vel eget. Ultrices lacus eu varius amet. Aliquam risus purus elementum vel vestibulum fusce. Id enim risus eu eu vehicula condimentum id nisi. Nibh semper nibh diam auctor.<br \/>\n\t\t\n<style>\n#text-2598174309 {\n  color: rgb(136, 136, 136);\n}\n#text-2598174309 > * {\n  color: rgb(136, 136, 136);\n}\n<\/style>\n\t<\/div>\n\t\n\t\t<\/div>\n\t\t\t\t\t<\/div>\n\n\t\n<\/div>\n<div class=\"row\"  id=\"row-921582761\">\n\n\n\t<div id=\"col-162351317\" class=\"col medium-4 small-6 large-4\"  >\n\t\t\t\t<div class=\"col-inner\"  >\n\t\t\t\n\t\t\t\n\n\t<a href=\"https:\/\/thtlogs.com\/vi\/dich-vu\/dai-ly-khai-bao-hai-quan\/\" >\t<div class=\"uni-box box has-hover   has-hover box-overlay dark box-text-bottom\" >\n\n\t\t<div class=\"box-image\" >\n\t\t\t\n\t\t\t<div class=\"image-color\" >\n\t\t\t\t<img width=\"345\" height=\"566\" src=\"https:\/\/thtlogs.com\/wp-content\/uploads\/2023\/06\/Customs-Brokerage-1-.png\" class=\"attachment-original size-original\" alt=\"\" decoding=\"async\" loading=\"lazy\" srcset=\"https:\/\/thtlogs.com\/wp-content\/uploads\/2023\/06\/Customs-Brokerage-1-.png 345w, https:\/\/thtlogs.com\/wp-content\/uploads\/2023\/06\/Customs-Brokerage-1--183x300.png 183w\" sizes=\"(max-width: 345px) 100vw, 345px\" \/>\t\t\t\t<div class=\"overlay\" style=\"background-color:1\"><\/div>\t\t\t\t\t\t\t<\/div>\n\t\t\t\n\t\t<\/div>\n\n\t\t<div class=\"box-text \" >\n\t\t\t<div class=\"box-text-inner\">\n\t\t\t\t\n\n\t<div id=\"text-1563746409\" class=\"text\">\n\t\t\n\n<h3>\u0110\u1ea1i l\u00fd Khai b\u00e1o H\u1ea3i quan<\/h3>\n\t\t\n<style>\n#text-1563746409 {\n  font-size: 1.2rem;\n}\n<\/style>\n\t<\/div>\n\t\n\n\t\t\t\t\t\t\t\t\t<div class=\"box-tag\">01<\/div>\n\t\t\t\t\t\t\t<\/div>\n\t\t<\/div>\n\t<\/div>\n\t<\/a>\t\n\n\t\t<\/div>\n\t\t\t\t\t<\/div>\n\n\t\n\n\t<div id=\"col-343973497\" class=\"col medium-4 small-6 large-4\"  >\n\t\t\t\t<div class=\"col-inner\"  >\n\t\t\t\n\t\t\t\n\n\t<a href=\"https:\/\/thtlogs.com\/vi\/dich-vu\/dich-vu-khai-bao-hai-quan\/\" >\t<div class=\"uni-box box has-hover   has-hover box-overlay dark box-text-bottom\" >\n\n\t\t<div class=\"box-image\" >\n\t\t\t\n\t\t\t<div class=\"image-color\" >\n\t\t\t\t<img width=\"345\" height=\"566\" src=\"https:\/\/thtlogs.com\/wp-content\/uploads\/2023\/06\/Rectangle-16-2.jpg\" class=\"attachment-original size-original\" alt=\"\" decoding=\"async\" loading=\"lazy\" srcset=\"https:\/\/thtlogs.com\/wp-content\/uploads\/2023\/06\/Rectangle-16-2.jpg 345w, https:\/\/thtlogs.com\/wp-content\/uploads\/2023\/06\/Rectangle-16-2-183x300.jpg 183w\" sizes=\"(max-width: 345px) 100vw, 345px\" \/>\t\t\t\t<div class=\"overlay\" style=\"background-color:1\"><\/div>\t\t\t\t\t\t\t<\/div>\n\t\t\t\n\t\t<\/div>\n\n\t\t<div class=\"box-text \" >\n\t\t\t<div class=\"box-text-inner\">\n\t\t\t\t\n\n\t<div id=\"text-1211272012\" class=\"text\">\n\t\t\n\n<h3><span class=\"fontstyle0\">D\u1ecbch v\u1ee5 Khai b\u00e1o H\u1ea3i quan<\/span><\/h3>\n\t\t\n<style>\n#text-1211272012 {\n  font-size: 1.2rem;\n}\n<\/style>\n\t<\/div>\n\t\n\n\t\t\t\t\t\t\t\t\t<div class=\"box-tag\">02<\/div>\n\t\t\t\t\t\t\t<\/div>\n\t\t<\/div>\n\t<\/div>\n\t<\/a>\t\n\n\t\t<\/div>\n\t\t\t\t\t<\/div>\n\n\t\n\n\t<div id=\"col-421388031\" class=\"col medium-4 small-6 large-4\"  >\n\t\t\t\t<div class=\"col-inner\"  >\n\t\t\t\n\t\t\t\n\n\t<a href=\"https:\/\/thtlogs.com\/vi\/dich-vu\/dich-vu-van-chuyen-noi-dia\/\" >\t<div class=\"uni-box box has-hover   has-hover box-overlay dark box-text-bottom\" >\n\n\t\t<div class=\"box-image\" >\n\t\t\t\n\t\t\t<div class=\"image-color\" >\n\t\t\t\t<img width=\"345\" height=\"566\" src=\"https:\/\/thtlogs.com\/wp-content\/uploads\/2023\/06\/Rectangle-16-3.jpg\" class=\"attachment-original size-original\" alt=\"\" decoding=\"async\" loading=\"lazy\" srcset=\"https:\/\/thtlogs.com\/wp-content\/uploads\/2023\/06\/Rectangle-16-3.jpg 345w, https:\/\/thtlogs.com\/wp-content\/uploads\/2023\/06\/Rectangle-16-3-183x300.jpg 183w\" sizes=\"(max-width: 345px) 100vw, 345px\" \/>\t\t\t\t<div class=\"overlay\" style=\"background-color:1\"><\/div>\t\t\t\t\t\t\t<\/div>\n\t\t\t\n\t\t<\/div>\n\n\t\t<div class=\"box-text \" >\n\t\t\t<div class=\"box-text-inner\">\n\t\t\t\t\n\n\t<div id=\"text-2517829477\" class=\"text\">\n\t\t\n\n<h3><span class=\"fontstyle0\">D\u1ecbch v\u1ee5 V\u1eadn chuy\u1ec3n <br \/>n\u1ed9i \u0111\u1ecba<\/span><\/h3>\n\t\t\n<style>\n#text-2517829477 {\n  font-size: 1.2rem;\n}\n<\/style>\n\t<\/div>\n\t\n\n\t\t\t\t\t\t\t\t\t<div class=\"box-tag\">03<\/div>\n\t\t\t\t\t\t\t<\/div>\n\t\t<\/div>\n\t<\/div>\n\t<\/a>\t\n\n\t\t<\/div>\n\t\t\t\t\t<\/div>\n\n\t\n\n\t<div id=\"col-954912518\" class=\"col medium-4 small-6 large-4\"  >\n\t\t\t\t<div class=\"col-inner\"  >\n\t\t\t\n\t\t\t\n\n\t<a href=\"https:\/\/thtlogs.com\/vi\/dich-vu\/dich-vu-van-chuyen-quoc-te\/\" >\t<div class=\"uni-box box has-hover   has-hover box-overlay dark box-text-bottom\" >\n\n\t\t<div class=\"box-image\" >\n\t\t\t\n\t\t\t<div class=\"image-color\" >\n\t\t\t\t<img width=\"345\" height=\"566\" src=\"https:\/\/thtlogs.com\/wp-content\/uploads\/2023\/06\/Rectangle-16.jpg\" class=\"attachment-original size-original\" alt=\"\" decoding=\"async\" loading=\"lazy\" srcset=\"https:\/\/thtlogs.com\/wp-content\/uploads\/2023\/06\/Rectangle-16.jpg 345w, https:\/\/thtlogs.com\/wp-content\/uploads\/2023\/06\/Rectangle-16-183x300.jpg 183w\" sizes=\"(max-width: 345px) 100vw, 345px\" \/>\t\t\t\t<div class=\"overlay\" style=\"background-color:1\"><\/div>\t\t\t\t\t\t\t<\/div>\n\t\t\t\n\t\t<\/div>\n\n\t\t<div class=\"box-text \" >\n\t\t\t<div class=\"box-text-inner\">\n\t\t\t\t\n\n\t<div id=\"text-1274070687\" class=\"text\">\n\t\t\n\n<h3><span class=\"fontstyle0\">D\u1ecbch v\u1ee5 V\u1eadn chuy\u1ec3n <br \/>qu\u1ed1c t\u1ebf<\/span><\/h3>\n\t\t\n<style>\n#text-1274070687 {\n  font-size: 1.2rem;\n}\n<\/style>\n\t<\/div>\n\t\n\n\t\t\t\t\t\t\t\t\t<div class=\"box-tag\">04<\/div>\n\t\t\t\t\t\t\t<\/div>\n\t\t<\/div>\n\t<\/div>\n\t<\/a>\t\n\n\t\t<\/div>\n\t\t\t\t\t<\/div>\n\n\t\n\n\t<div id=\"col-1280201712\" class=\"col medium-4 small-6 large-4\"  >\n\t\t\t\t<div class=\"col-inner\"  >\n\t\t\t\n\t\t\t\n\n\t<a href=\"https:\/\/thtlogs.com\/vi\/dich-vu\/dich-vu-xin-giay-phep-chuyen-nganh\/\" >\t<div class=\"uni-box box has-hover   has-hover box-overlay dark box-text-bottom\" >\n\n\t\t<div class=\"box-image\" >\n\t\t\t\n\t\t\t<div class=\"image-color\" >\n\t\t\t\t<img width=\"345\" height=\"566\" src=\"https:\/\/thtlogs.com\/wp-content\/uploads\/2023\/06\/4-1.png\" class=\"attachment-original size-original\" alt=\"\" decoding=\"async\" loading=\"lazy\" srcset=\"https:\/\/thtlogs.com\/wp-content\/uploads\/2023\/06\/4-1.png 345w, https:\/\/thtlogs.com\/wp-content\/uploads\/2023\/06\/4-1-183x300.png 183w\" sizes=\"(max-width: 345px) 100vw, 345px\" \/>\t\t\t\t<div class=\"overlay\" style=\"background-color:1\"><\/div>\t\t\t\t\t\t\t<\/div>\n\t\t\t\n\t\t<\/div>\n\n\t\t<div class=\"box-text \" >\n\t\t\t<div class=\"box-text-inner\">\n\t\t\t\t\n\n\t<div id=\"text-3515634857\" class=\"text\">\n\t\t\n\n<h3><span class=\"fontstyle0\">D\u1ecbch v\u1ee5 Xin gi\u1ea5y ph\u00e9p<br \/>chuy\u00ean ng\u00e0nh<\/span> <\/h3>\n\t\t\n<style>\n#text-3515634857 {\n  font-size: 1.2rem;\n}\n<\/style>\n\t<\/div>\n\t\n\n\t\t\t\t\t\t\t\t\t<div class=\"box-tag\">05<\/div>\n\t\t\t\t\t\t\t<\/div>\n\t\t<\/div>\n\t<\/div>\n\t<\/a>\t\n\n\t\t<\/div>\n\t\t\t\t\t<\/div>\n\n\t\n\n\t<div id=\"col-898769250\" class=\"col medium-4 small-6 large-4\"  >\n\t\t\t\t<div class=\"col-inner\"  >\n\t\t\t\n\t\t\t\n\n\t<a href=\"https:\/\/thtlogs.com\/vi\/dich-vu\/dich-vu-khac\/\" >\t<div class=\"uni-box box has-hover   has-hover box-overlay dark box-text-bottom\" >\n\n\t\t<div class=\"box-image\" >\n\t\t\t\n\t\t\t<div class=\"image-color\" >\n\t\t\t\t<img width=\"345\" height=\"566\" src=\"https:\/\/thtlogs.com\/wp-content\/uploads\/2023\/06\/Rectangle-16-4.jpg\" class=\"attachment-original size-original\" alt=\"\" decoding=\"async\" loading=\"lazy\" srcset=\"https:\/\/thtlogs.com\/wp-content\/uploads\/2023\/06\/Rectangle-16-4.jpg 345w, https:\/\/thtlogs.com\/wp-content\/uploads\/2023\/06\/Rectangle-16-4-183x300.jpg 183w\" sizes=\"(max-width: 345px) 100vw, 345px\" \/>\t\t\t\t<div class=\"overlay\" style=\"background-color:1\"><\/div>\t\t\t\t\t\t\t<\/div>\n\t\t\t\n\t\t<\/div>\n\n\t\t<div class=\"box-text \" >\n\t\t\t<div class=\"box-text-inner\">\n\t\t\t\t\n\n\t<div id=\"text-2229024743\" class=\"text\">\n\t\t\n\n<h3><span class=\"fontstyle0\">D\u1ecbch v\u1ee5 T\u01b0 v\u1ea5n v\u00e0<br \/>\u0110\u0103ng k\u00fd C\u01a1 s\u1edf S\u1ea3n xu\u1ea5t<\/span> <\/h3>\n\t\t\n<style>\n#text-2229024743 {\n  font-size: 1.2rem;\n}\n<\/style>\n\t<\/div>\n\t\n\n\t\t\t\t\t\t\t\t\t<div class=\"box-tag\">06<\/div>\n\t\t\t\t\t\t\t<\/div>\n\t\t<\/div>\n\t<\/div>\n\t<\/a>\t\n\n\t\t<\/div>\n\t\t\t\t\t<\/div>\n\n\t\n\n\t<div id=\"col-641774121\" class=\"col medium-4 small-6 large-4\"  >\n\t\t\t\t<div class=\"col-inner\"  >\n\t\t\t\n\t\t\t\n\n\t<a href=\"https:\/\/thtlogs.com\/dich-vu\/cac-dich-vu-khac\/\" >\t<div class=\"uni-box box has-hover   has-hover box-overlay dark box-text-bottom\" >\n\n\t\t<div class=\"box-image\" >\n\t\t\t\n\t\t\t<div class=\"image-color\" >\n\t\t\t\t<img width=\"345\" height=\"566\" src=\"https:\/\/thtlogs.com\/wp-content\/uploads\/2023\/06\/Rectangle-16-5.jpg\" class=\"attachment-original size-original\" alt=\"\" decoding=\"async\" loading=\"lazy\" srcset=\"https:\/\/thtlogs.com\/wp-content\/uploads\/2023\/06\/Rectangle-16-5.jpg 345w, https:\/\/thtlogs.com\/wp-content\/uploads\/2023\/06\/Rectangle-16-5-183x300.jpg 183w\" sizes=\"(max-width: 345px) 100vw, 345px\" \/>\t\t\t\t<div class=\"overlay\" style=\"background-color:1\"><\/div>\t\t\t\t\t\t\t<\/div>\n\t\t\t\n\t\t<\/div>\n\n\t\t<div class=\"box-text \" >\n\t\t\t<div class=\"box-text-inner\">\n\t\t\t\t\n\n\t<div id=\"text-1074980535\" class=\"text\">\n\t\t\n\n<h3><span class=\"fontstyle0\">D\u1ecbch v\u1ee5 Kh\u00e1c<\/span> <\/h3>\n\t\t\n<style>\n#text-1074980535 {\n  font-size: 1.2rem;\n}\n<\/style>\n\t<\/div>\n\t\n\n\t\t\t\t\t\t\t\t\t<div class=\"box-tag\">07<\/div>\n\t\t\t\t\t\t\t<\/div>\n\t\t<\/div>\n\t<\/div>\n\t<\/a>\t\n\n\t\t<\/div>\n\t\t\t\t\t<\/div>\n\n\t\n\n<\/div>\n\t\t<\/div>\n\n\t\t\n<style>\n#section_1780294719 {\n  padding-top: 30px;\n  padding-bottom: 30px;\n}\n@media (min-width:850px) {\n  #section_1780294719 {\n    padding-top: 40px;\n    padding-bottom: 40px;\n  }\n}\n<\/style>\n\t<\/section>\n\t\n\t<section class=\"section dark has-parallax\" id=\"section_594196784\">\n\t\t<div class=\"bg section-bg fill bg-fill  \" data-parallax-container=\".section\" data-parallax-background data-parallax=\"-5\">\n\n\t\t\t\n\t\t\t\n\t\t\t\n\n\t\t<\/div>\n\n\t\t\n\n\t\t<div class=\"section-content relative\">\n\t\t\t\n\n\t<div id=\"gap-1458115010\" class=\"gap-element clearfix\" style=\"display:block; height:auto;\">\n\t\t\n<style>\n#gap-1458115010 {\n  padding-top: 30px;\n}\n<\/style>\n\t<\/div>\n\t\n\n<div class=\"row align-center\"  id=\"row-1806623497\">\n\n\n\t<div id=\"col-613223092\" class=\"col medium-8 small-12 large-8\"  >\n\t\t\t\t<div class=\"col-inner\"  >\n\t\t\t\n\t\t\t\n\n\t<div id=\"text-2197854139\" class=\"text\">\n\t\t\n\n<h2 class=\"mb-0\">NH\u1eacN B\u00c1O GI\u00c1<\/h2>\n\t\t\n<style>\n#text-2197854139 {\n  font-size: 1.40625rem;\n  text-align: center;\n}\n<\/style>\n\t<\/div>\n\t\n\t<div id=\"gap-287940063\" class=\"gap-element clearfix\" style=\"display:block; height:auto;\">\n\t\t\n<style>\n#gap-287940063 {\n  padding-top: 5px;\n}\n<\/style>\n\t<\/div>\n\t\n\n\t<div id=\"text-2597239338\" class=\"text\">\n\t\t\n\n<p>Qu\u00fd kh\u00e1ch vui l\u00f2ng \u0111i\u1ec1n v\u00e0o bi\u1ec3u m\u1eabu d\u01b0\u1edbi \u0111\u00e2y \u0111\u1ec3 \u0111\u01b0\u1ee3c nh\u1eadn b\u00e1o gi\u00e1<\/p>\n\t\t\n<style>\n#text-2597239338 {\n  text-align: center;\n}\n<\/style>\n\t<\/div>\n\t\n\t<div id=\"gap-1948844884\" class=\"gap-element clearfix\" style=\"display:block; height:auto;\">\n\t\t\n<style>\n#gap-1948844884 {\n  padding-top: 10px;\n}\n<\/style>\n\t<\/div>\n\t\n\n\n<div class=\"wpcf7 no-js\" id=\"wpcf7-f551-o1\" lang=\"vi\" dir=\"ltr\">\n<div class=\"screen-reader-response\"><p role=\"status\" aria-live=\"polite\" aria-atomic=\"true\"><\/p> <ul><\/ul><\/div>\n<form action=\"\/vi\/wp-json\/wp\/v2\/pages\/521#wpcf7-f551-o1\" method=\"post\" class=\"wpcf7-form init\" aria-label=\"Form li\u00ean h\u1ec7\" novalidate=\"novalidate\" data-status=\"init\">\n<div style=\"display: none;\">\n<input type=\"hidden\" name=\"_wpcf7\" value=\"551\" \/>\n<input type=\"hidden\" name=\"_wpcf7_version\" value=\"5.7.7\" \/>\n<input type=\"hidden\" name=\"_wpcf7_locale\" value=\"vi\" \/>\n<input type=\"hidden\" name=\"_wpcf7_unit_tag\" value=\"wpcf7-f551-o1\" \/>\n<input type=\"hidden\" name=\"_wpcf7_container_post\" value=\"0\" \/>\n<input type=\"hidden\" name=\"_wpcf7_posted_data_hash\" value=\"\" \/>\n<\/div>\n<div class=\"row row-small\">\n\t<div class=\"col large-6 pb-0\">\n\t\t<p><span class=\"wpcf7-form-control-wrap\" data-name=\"your-name\"><input size=\"40\" class=\"wpcf7-form-control wpcf7-text wpcf7-validates-as-required form-control\" aria-required=\"true\" aria-invalid=\"false\" placeholder=\"H\u1ecd t\u00ean\" value=\"\" type=\"text\" name=\"your-name\" \/><\/span>\n\t\t<\/p>\n\t<\/div>\n\t<div class=\"col large-6 pb-0\">\n\t\t<p><span class=\"wpcf7-form-control-wrap\" data-name=\"your-tel\"><input size=\"40\" class=\"wpcf7-form-control wpcf7-text wpcf7-tel wpcf7-validates-as-required wpcf7-validates-as-tel form-control\" aria-required=\"true\" aria-invalid=\"false\" placeholder=\"S\u1ed1 \u0111i\u1ec7n tho\u1ea1i\" value=\"\" type=\"tel\" name=\"your-tel\" \/><\/span>\n\t\t<\/p>\n\t<\/div>\n<\/div>\n<div class=\"row row-small\">\n\t<div class=\"col large-6 pb-0\">\n\t\t<p><span class=\"wpcf7-form-control-wrap\" data-name=\"your-email\"><input size=\"40\" class=\"wpcf7-form-control wpcf7-text wpcf7-email wpcf7-validates-as-email form-control\" aria-invalid=\"false\" placeholder=\"Email\" value=\"\" type=\"email\" name=\"your-email\" \/><\/span>\n\t\t<\/p>\n\t<\/div>\n\t<div class=\"col large-6 pb-0\">\n\t\t<p><span class=\"wpcf7-form-control-wrap\" data-name=\"your-service\"><input size=\"40\" class=\"wpcf7-form-control wpcf7-text form-control\" aria-invalid=\"false\" placeholder=\"D\u1ecbch v\u1ee5\" value=\"\" type=\"text\" name=\"your-service\" \/><\/span>\n\t\t<\/p>\n\t<\/div>\n<\/div>\n<div class=\"form-group text-center\">\n\t<p><input class=\"wpcf7-form-control has-spinner wpcf7-submit button secondary button-main mb-0 mr-0\" type=\"submit\" value=\"G\u1eedi\" \/>\n\t<\/p>\n<\/div><div class=\"wpcf7-response-output\" aria-hidden=\"true\"><\/div>\n<\/form>\n<\/div>\n\n\n\n\t\t<\/div>\n\t\t\t\t\t<\/div>\n\n\t\n\n<\/div>\n\n\t\t<\/div>\n\n\t\t\n<style>\n#section_594196784 {\n  padding-top: 70px;\n  padding-bottom: 70px;\n}\n#section_594196784 .section-bg.bg-loaded {\n  background-image: url(https:\/\/thtlogs.com\/wp-content\/uploads\/2023\/06\/Group-2609673.jpg);\n}\n<\/style>\n\t<\/section>\n\t\n","protected":false},"excerpt":{"rendered":"","protected":false},"author":1,"featured_media":0,"parent":0,"menu_order":0,"comment_status":"closed","ping_status":"closed","template":"page-blank.php","meta":[],"yoast_head":"<!-- This site is optimized with the Yoast SEO plugin v20.9 - https:\/\/yoast.com\/wordpress\/plugins\/seo\/ -->\n<title>D\u1ecaCH V\u1ee4 - THT LOGISTICS<\/title>\n<meta name=\"robots\" content=\"index, follow, max-snippet:-1, max-image-preview:large, max-video-preview:-1\" \/>\n<link rel=\"canonical\" href=\"https:\/\/thtlogs.com\/vi\/dich-vu\/\" \/>\n<meta property=\"og:locale\" content=\"vi_VN\" \/>\n<meta property=\"og:type\" content=\"article\" \/>\n<meta property=\"og:title\" content=\"D\u1ecaCH V\u1ee4 - THT LOGISTICS\" \/>\n<meta property=\"og:url\" content=\"https:\/\/thtlogs.com\/vi\/dich-vu\/\" \/>\n<meta property=\"og:site_name\" content=\"THT LOGISTICS\" \/>\n<meta property=\"article:modified_time\" content=\"2023-06-24T08:12:57+00:00\" \/>\n<meta name=\"twitter:card\" content=\"summary_large_image\" \/>\n<meta name=\"twitter:label1\" content=\"\u01af\u1edbc t\u00ednh th\u1eddi gian \u0111\u1ecdc\" \/>\n\t<meta name=\"twitter:data1\" content=\"1 ph\u00fat\" \/>\n<script type=\"application\/ld+json\" class=\"yoast-schema-graph\">{\"@context\":\"https:\/\/schema.org\",\"@graph\":[{\"@type\":\"WebPage\",\"@id\":\"https:\/\/thtlogs.com\/vi\/dich-vu\/\",\"url\":\"https:\/\/thtlogs.com\/vi\/dich-vu\/\",\"name\":\"D\u1ecaCH V\u1ee4 - THT LOGISTICS\",\"isPartOf\":{\"@id\":\"https:\/\/thtlogs.com\/vi\/#website\"},\"datePublished\":\"2023-06-19T04:43:01+00:00\",\"dateModified\":\"2023-06-24T08:12:57+00:00\",\"breadcrumb\":{\"@id\":\"https:\/\/thtlogs.com\/vi\/dich-vu\/#breadcrumb\"},\"inLanguage\":\"vi\",\"potentialAction\":[{\"@type\":\"ReadAction\",\"target\":[\"https:\/\/thtlogs.com\/vi\/dich-vu\/\"]}]},{\"@type\":\"BreadcrumbList\",\"@id\":\"https:\/\/thtlogs.com\/vi\/dich-vu\/#breadcrumb\",\"itemListElement\":[{\"@type\":\"ListItem\",\"position\":1,\"name\":\"Trang ch\u1ee7\",\"item\":\"https:\/\/thtlogs.com\/vi\/\"},{\"@type\":\"ListItem\",\"position\":2,\"name\":\"D\u1ecaCH V\u1ee4\"}]},{\"@type\":\"WebSite\",\"@id\":\"https:\/\/thtlogs.com\/vi\/#website\",\"url\":\"https:\/\/thtlogs.com\/vi\/\",\"name\":\"THT LOGISTICS\",\"description\":\"\",\"potentialAction\":[{\"@type\":\"SearchAction\",\"target\":{\"@type\":\"EntryPoint\",\"urlTemplate\":\"https:\/\/thtlogs.com\/vi\/?s={search_term_string}\"},\"query-input\":\"required name=search_term_string\"}],\"inLanguage\":\"vi\"}]}<\/script>\n<!-- \/ Yoast SEO plugin. -->","yoast_head_json":{"title":"D\u1ecaCH V\u1ee4 - THT LOGISTICS","robots":{"index":"index","follow":"follow","max-snippet":"max-snippet:-1","max-image-preview":"max-image-preview:large","max-video-preview":"max-video-preview:-1"},"canonical":"https:\/\/thtlogs.com\/vi\/dich-vu\/","og_locale":"vi_VN","og_type":"article","og_title":"D\u1ecaCH V\u1ee4 - THT LOGISTICS","og_url":"https:\/\/thtlogs.com\/vi\/dich-vu\/","og_site_name":"THT LOGISTICS","article_modified_time":"2023-06-24T08:12:57+00:00","twitter_card":"summary_large_image","twitter_misc":{"\u01af\u1edbc t\u00ednh th\u1eddi gian \u0111\u1ecdc":"1 ph\u00fat"},"schema":{"@context":"https:\/\/schema.org","@graph":[{"@type":"WebPage","@id":"https:\/\/thtlogs.com\/vi\/dich-vu\/","url":"https:\/\/thtlogs.com\/vi\/dich-vu\/","name":"D\u1ecaCH V\u1ee4 - THT LOGISTICS","isPartOf":{"@id":"https:\/\/thtlogs.com\/vi\/#website"},"datePublished":"2023-06-19T04:43:01+00:00","dateModified":"2023-06-24T08:12:57+00:00","breadcrumb":{"@id":"https:\/\/thtlogs.com\/vi\/dich-vu\/#breadcrumb"},"inLanguage":"vi","potentialAction":[{"@type":"ReadAction","target":["https:\/\/thtlogs.com\/vi\/dich-vu\/"]}]},{"@type":"BreadcrumbList","@id":"https:\/\/thtlogs.com\/vi\/dich-vu\/#breadcrumb","itemListElement":[{"@type":"ListItem","position":1,"name":"Trang ch\u1ee7","item":"https:\/\/thtlogs.com\/vi\/"},{"@type":"ListItem","position":2,"name":"D\u1ecaCH V\u1ee4"}]},{"@type":"WebSite","@id":"https:\/\/thtlogs.com\/vi\/#website","url":"https:\/\/thtlogs.com\/vi\/","name":"THT LOGISTICS","description":"","potentialAction":[{"@type":"SearchAction","target":{"@type":"EntryPoint","urlTemplate":"https:\/\/thtlogs.com\/vi\/?s={search_term_string}"},"query-input":"required name=search_term_string"}],"inLanguage":"vi"}]}},"_links":{"self":[{"href":"https:\/\/thtlogs.com\/vi\/wp-json\/wp\/v2\/pages\/521"}],"collection":[{"href":"https:\/\/thtlogs.com\/vi\/wp-json\/wp\/v2\/pages"}],"about":[{"href":"https:\/\/thtlogs.com\/vi\/wp-json\/wp\/v2\/types\/page"}],"author":[{"embeddable":true,"href":"https:\/\/thtlogs.com\/vi\/wp-json\/wp\/v2\/users\/1"}],"replies":[{"embeddable":true,"href":"https:\/\/thtlogs.com\/vi\/wp-json\/wp\/v2\/comments?post=521"}],"version-history":[{"count":3,"href":"https:\/\/thtlogs.com\/vi\/wp-json\/wp\/v2\/pages\/521\/revisions"}],"predecessor-version":[{"id":524,"href":"https:\/\/thtlogs.com\/vi\/wp-json\/wp\/v2\/pages\/521\/revisions\/524"}],"wp:attachment":[{"href":"https:\/\/thtlogs.com\/vi\/wp-json\/wp\/v2\/media?parent=521"}],"curies":[{"name":"wp","href":"https:\/\/api.w.org\/{rel}","templated":true}]}}